{"id":293,"date":"2021-08-17T01:03:41","date_gmt":"2021-08-17T04:03:41","guid":{"rendered":"http:\/\/localhost\/wordpress\/?page_id=293"},"modified":"2021-09-10T23:49:35","modified_gmt":"2021-09-11T02:49:35","slug":"areas-de-atuacao","status":"publish","type":"page","link":"http:\/\/kekadvogados.com.br\/?page_id=293","title":{"rendered":"\u00c1reas de Atua\u00e7\u00e3o &#8211; Previdenci\u00e1rio"},"content":{"rendered":"\t\t<div data-elementor-type=\"wp-page\" data-elementor-id=\"293\" class=\"elementor elementor-293\" data-elementor-settings=\"[]\">\n\t\t\t\t\t\t\t<div class=\"elementor-section-wrap\">\n\t\t\t\t\t\t\t<section class=\"elementor-section elementor-top-section elementor-element elementor-element-c749424 elementor-section-boxed elementor-section-height-default elementor-section-height-default\" data-id=\"c749424\" data-element_type=\"section\">\n\t\t\t\t\t\t<div class=\"elementor-container elementor-column-gap-default\">\n\t\t\t\t\t<div class=\"elementor-column elementor-col-100 elementor-top-column elementor-element elementor-element-056c334\" data-id=\"056c334\" data-element_type=\"column\">\n\t\t\t<div class=\"elementor-widget-wrap elementor-element-populated\">\n\t\t\t\t\t\t\t\t<section class=\"elementor-section elementor-inner-section elementor-element elementor-element-45ee5ee elementor-section-boxed elementor-section-height-default elementor-section-height-default\" data-id=\"45ee5ee\" data-element_type=\"section\">\n\t\t\t\t\t\t<div class=\"elementor-container elementor-column-gap-default\">\n\t\t\t\t\t<div class=\"elementor-column elementor-col-50 elementor-inner-column elementor-element elementor-element-f2dd20f\" data-id=\"f2dd20f\" data-element_type=\"column\">\n\t\t\t<div class=\"elementor-widget-wrap elementor-element-populated\">\n\t\t\t\t\t\t\t\t<div class=\"elementor-element elementor-element-9f4c9f7 elementor-invisible elementor-widget elementor-widget-text-editor\" data-id=\"9f4c9f7\" data-element_type=\"widget\" data-settings=\"{&quot;_animation&quot;:&quot;fadeInUp&quot;}\" data-widget_type=\"text-editor.default\">\n\t\t\t\t<div class=\"elementor-widget-container\">\n\t\t\t\t\t\t\t<p><b>PREVIDENCI\u00c1RIO<br \/><br \/><\/b><\/p>\t\t\t\t\t\t<\/div>\n\t\t\t\t<\/div>\n\t\t\t\t<div class=\"elementor-element elementor-element-d59dfbb animated-slow elementor-invisible elementor-widget elementor-widget-image\" data-id=\"d59dfbb\" data-element_type=\"widget\" data-settings=\"{&quot;_animation&quot;:&quot;fadeIn&quot;,&quot;_animation_delay&quot;:400}\" data-widget_type=\"image.default\">\n\t\t\t\t<div class=\"elementor-widget-container\">\n\t\t\t\t\t\t\t\t\t\t\t\t\t\t\t<img width=\"360\" height=\"282\" src=\"http:\/\/kekadvogados.com.br\/wp-content\/uploads\/2021\/08\/01-previdenciario_360-2.jpg\" class=\"attachment-large size-large\" alt=\"\" loading=\"lazy\" srcset=\"http:\/\/kekadvogados.com.br\/wp-content\/uploads\/2021\/08\/01-previdenciario_360-2.jpg 360w, http:\/\/kekadvogados.com.br\/wp-content\/uploads\/2021\/08\/01-previdenciario_360-2-300x235.jpg 300w\" sizes=\"(max-width: 360px) 100vw, 360px\" \/>\t\t\t\t\t\t\t\t\t\t\t\t\t\t\t<\/div>\n\t\t\t\t<\/div>\n\t\t\t\t\t<\/div>\n\t\t<\/div>\n\t\t\t\t<div class=\"elementor-column elementor-col-50 elementor-inner-column elementor-element elementor-element-743f6d8\" data-id=\"743f6d8\" data-element_type=\"column\">\n\t\t\t<div class=\"elementor-widget-wrap elementor-element-populated\">\n\t\t\t\t\t\t\t\t<div class=\"elementor-element elementor-element-d3a0d73 elementor-widget elementor-widget-text-editor\" data-id=\"d3a0d73\" data-element_type=\"widget\" data-widget_type=\"text-editor.default\">\n\t\t\t\t<div class=\"elementor-widget-container\">\n\t\t\t\t\t\t\t<ul><li>PLANEJAMENTO PREVIDENCI\u00c1RIO\u00a0<br \/>&#8211; an\u00e1lise das diversas\u00a0possibilidades de aposentadorias e a melhor renda poss\u00edvel ao cliente.<br \/><br \/><\/li><li><span style=\"font-family: Lato, sans-serif; font-size: 16px; color: var( --e-global-color-text );\">APOSENTADORIA\u00a0POR IDADE, TEMPO DE CONTRIBUI\u00c7\u00c3O E ESPECIAL:\u00a0<br \/>&#8211;\u00a0<\/span><span style=\"font-family: Lato, sans-serif;\">encaminhamento de aposentadorias, utilizando-se das diversas possibilidade legais, inclusive com inclus\u00e3o de per\u00edodos de atividade na agricultura e atividades especiais(insalubridade\/periculosidade).<br \/><br \/><\/span><\/li><li>BENEF\u00cdCIOS DE INCAPACIDADE:\u00a0<br \/>&#8211; seja ela tempor\u00e1ria\u00a0(aux\u00edlio-doen\u00e7a), definitiva (aposentadoria por invalidez) ou consolidada<br \/>(aux\u00edlio-acidente)<br \/><br \/><\/li><li>PENS\u00c3O POR MORTE;<br \/><br \/><\/li><li><span style=\"font-family: Lato, sans-serif; font-size: 16px; color: var( --e-global-color-text );\">AUX\u00cdLIO-RECLUS\u00c3O;<br \/><br \/><\/span><\/li><li><span style=\"font-family: Lato, sans-serif; font-size: 16px; color: var( --e-global-color-text );\">BENEF\u00cdCIO DE PRESTA\u00c7\u00c3O CONTINUADA (LOAS);<br \/><br \/><\/span><\/li><li><span style=\"font-family: Lato, sans-serif; font-size: 16px; color: var( --e-global-color-text );\">REVIS\u00c3O DE BENEF\u00cdCIOS;<br \/><br \/><\/span><\/li><li><span style=\"font-family: Lato, sans-serif; font-size: 16px; color: var( --e-global-color-text );\">SERVIDORES P\u00daBLICOS MUNICIPAIS, ESTADUAIS E FEDERAIS.<\/span><\/li><\/ul><div>\u00a0<\/div>\t\t\t\t\t\t<\/div>\n\t\t\t\t<\/div>\n\t\t\t\t\t<\/div>\n\t\t<\/div>\n\t\t\t\t\t\t\t<\/div>\n\t\t<\/section>\n\t\t\t\t\t<\/div>\n\t\t<\/div>\n\t\t\t\t\t\t\t<\/div>\n\t\t<\/section>\n\t\t\t\t\t\t<\/div>\n\t\t\t\t\t<\/div>\n\t\t","protected":false},"excerpt":{"rendered":"<p>PREVIDENCI\u00c1RIO PLANEJAMENTO PREVIDENCI\u00c1RIO&nbsp; &#8211; an\u00e1lise das diversas&nbsp;possibilidades de aposentadorias e a melhor renda poss\u00edvel ao cliente. APOSENTADORIA&nbsp;POR IDADE, TEMPO DE CONTRIBUI\u00c7\u00c3O E ESPECIAL:&nbsp; &#8211;&nbsp;encaminhamento de aposentadorias, utilizando-se das diversas possibilidade legais, inclusive com inclus\u00e3o de per\u00edodos de atividade na agricultura<\/p>\n","protected":false},"author":1,"featured_media":0,"parent":0,"menu_order":0,"comment_status":"closed","ping_status":"closed","template":"","meta":{"om_disable_all_campaigns":false,"_monsterinsights_skip_tracking":false,"_monsterinsights_sitenote_active":false,"_monsterinsights_sitenote_note":"","_monsterinsights_sitenote_category":0},"_links":{"self":[{"href":"http:\/\/kekadvogados.com.br\/index.php?rest_route=\/wp\/v2\/pages\/293"}],"collection":[{"href":"http:\/\/kekadvogados.com.br\/index.php?rest_route=\/wp\/v2\/pages"}],"about":[{"href":"http:\/\/kekadvogados.com.br\/index.php?rest_route=\/wp\/v2\/types\/page"}],"author":[{"embeddable":true,"href":"http:\/\/kekadvogados.com.br\/index.php?rest_route=\/wp\/v2\/users\/1"}],"replies":[{"embeddable":true,"href":"http:\/\/kekadvogados.com.br\/index.php?rest_route=%2Fwp%2Fv2%2Fcomments&post=293"}],"version-history":[{"count":2,"href":"http:\/\/kekadvogados.com.br\/index.php?rest_route=\/wp\/v2\/pages\/293\/revisions"}],"predecessor-version":[{"id":484,"href":"http:\/\/kekadvogados.com.br\/index.php?rest_route=\/wp\/v2\/pages\/293\/revisions\/484"}],"wp:attachment":[{"href":"http:\/\/kekadvogados.com.br\/index.php?rest_route=%2Fwp%2Fv2%2Fmedia&parent=293"}],"curies":[{"name":"wp","href":"https:\/\/api.w.org\/{rel}","templated":true}]}}