{"id":288,"date":"2021-08-17T00:48:27","date_gmt":"2021-08-17T03:48:27","guid":{"rendered":"http:\/\/localhost\/wordpress\/?page_id=288"},"modified":"2021-09-10T23:29:21","modified_gmt":"2021-09-11T02:29:21","slug":"quem_somos","status":"publish","type":"page","link":"http:\/\/kekadvogados.com.br\/?page_id=288","title":{"rendered":"Quem Somos"},"content":{"rendered":"\t\t<div data-elementor-type=\"wp-page\" data-elementor-id=\"288\" class=\"elementor elementor-288\" data-elementor-settings=\"[]\">\n\t\t\t\t\t\t\t<div class=\"elementor-section-wrap\">\n\t\t\t\t\t\t\t<section class=\"elementor-section elementor-top-section elementor-element elementor-element-fdedcfe elementor-section-boxed elementor-section-height-default elementor-section-height-default\" data-id=\"fdedcfe\" data-element_type=\"section\">\n\t\t\t\t\t\t<div class=\"elementor-container elementor-column-gap-default\">\n\t\t\t\t\t<div class=\"elementor-column elementor-col-50 elementor-top-column elementor-element elementor-element-5c6efa6\" data-id=\"5c6efa6\" data-element_type=\"column\">\n\t\t\t<div class=\"elementor-widget-wrap elementor-element-populated\">\n\t\t\t\t\t\t\t\t<div class=\"elementor-element elementor-element-4deb7c2 elementor-widget elementor-widget-image\" data-id=\"4deb7c2\" data-element_type=\"widget\" data-widget_type=\"image.default\">\n\t\t\t\t<div class=\"elementor-widget-container\">\n\t\t\t\t\t\t\t\t\t\t\t\t\t\t\t<img width=\"469\" height=\"344\" src=\"http:\/\/kekadvogados.com.br\/wp-content\/uploads\/2021\/08\/IMG_3784-teste-470-a-1.jpg\" class=\"attachment-large size-large\" alt=\"\" loading=\"lazy\" srcset=\"http:\/\/kekadvogados.com.br\/wp-content\/uploads\/2021\/08\/IMG_3784-teste-470-a-1.jpg 469w, http:\/\/kekadvogados.com.br\/wp-content\/uploads\/2021\/08\/IMG_3784-teste-470-a-1-300x220.jpg 300w\" sizes=\"(max-width: 469px) 100vw, 469px\" \/>\t\t\t\t\t\t\t\t\t\t\t\t\t\t\t<\/div>\n\t\t\t\t<\/div>\n\t\t\t\t<div class=\"elementor-element elementor-element-347e804 elementor-widget elementor-widget-heading\" data-id=\"347e804\" data-element_type=\"widget\" data-widget_type=\"heading.default\">\n\t\t\t\t<div class=\"elementor-widget-container\">\n\t\t\t<h3 class=\"elementor-heading-title elementor-size-large\">ROBERTO AUGUSTO KLIPPEL<\/h3>\t\t<\/div>\n\t\t\t\t<\/div>\n\t\t\t\t<div class=\"elementor-element elementor-element-4df8026 elementor-widget elementor-widget-text-editor\" data-id=\"4df8026\" data-element_type=\"widget\" data-widget_type=\"text-editor.default\">\n\t\t\t\t<div class=\"elementor-widget-container\">\n\t\t\t\t\t\t\t<p>OAB\/RS 76.497<\/p>\t\t\t\t\t\t<\/div>\n\t\t\t\t<\/div>\n\t\t\t\t<div class=\"elementor-element elementor-element-52d49fa elementor-widget elementor-widget-text-editor\" data-id=\"52d49fa\" data-element_type=\"widget\" data-widget_type=\"text-editor.default\">\n\t\t\t\t<div class=\"elementor-widget-container\">\n\t\t\t\t\t\t\t<p>Graduado em Ci\u00eancias Jur\u00eddicas e Sociais pela Universidade Feevale\/RS. Atuou como monitor no Curso de Direito da Universidade Feevale\/RS nas mat\u00e9rias de Direito do Trabalho e Direito da Seguridade Social, bem como participou e ainda participa de diversos cursos e palestras nas mais diversas \u00e1reas do Direito.<br \/><br \/>Experi\u00eancia Profissional: est\u00e1gio profissional na Defensoria P\u00fablica de Novo Hamburgo\/RS, com atua\u00e7\u00e3o na \u00e1rea do Direito de Fam\u00edlia e C\u00edvel em geral. Est\u00e1gio profissional na Subdelegacia do Trabalho e Emprego de Novo Hamburgo\/RS; est\u00e1gio profissional em Escrit\u00f3rio de Advocacia com atua\u00e7\u00e3o espec\u00edfica na \u00e1rea do Direito Previdenci\u00e1rio; est\u00e1gio profissional na 4\u00aa Promotoria de Justi\u00e7a Criminal de Novo Hamburgo\/RS; atua\u00e7\u00e3o como Advogado de Escrit\u00f3rio de Advocacia nas \u00e1reas do Direito Previdenci\u00e1rio, Direito do Trabalho e Direito Civil; e desde outubro de 2011 atua como advogado em escrit\u00f3rio pr\u00f3prio com demandas ligadas ao Direito Previdenci\u00e1rio, Trabalhista e C\u00edvel.<\/p>\t\t\t\t\t\t<\/div>\n\t\t\t\t<\/div>\n\t\t\t\t<div class=\"elementor-element elementor-element-489fce6 elementor-icon-list--layout-traditional elementor-list-item-link-full_width elementor-widget elementor-widget-icon-list\" data-id=\"489fce6\" data-element_type=\"widget\" data-widget_type=\"icon-list.default\">\n\t\t\t\t<div class=\"elementor-widget-container\">\n\t\t\t\t\t<ul class=\"elementor-icon-list-items\">\n\t\t\t\t\t\t\t<li class=\"elementor-icon-list-item\">\n\t\t\t\t\t\t\t\t\t\t\t<span class=\"elementor-icon-list-icon\">\n\t\t\t\t\t\t\t<i aria-hidden=\"true\" class=\"fas fa-mail-bulk\"><\/i>\t\t\t\t\t\t<\/span>\n\t\t\t\t\t\t\t\t\t\t<span class=\"elementor-icon-list-text\"><a href=\"mailto:roberto@kekadvogados.com.br\"><span style=\"color: rgb(163, 163, 163); font-family: Lato, sans-serif; font-size: 16px; font-style: normal; font-variant-ligatures: normal; font-variant-caps: normal; font-weight: 400; white-space: normal;\">roberto@kekadvogados.com.br<\/span><\/a><\/span>\n\t\t\t\t\t\t\t\t\t<\/li>\n\t\t\t\t\t\t\t\t<li class=\"elementor-icon-list-item\">\n\t\t\t\t\t\t\t\t\t\t\t<span class=\"elementor-icon-list-icon\">\n\t\t\t\t\t\t\t<i aria-hidden=\"true\" class=\"fab fa-whatsapp\"><\/i>\t\t\t\t\t\t<\/span>\n\t\t\t\t\t\t\t\t\t\t<span class=\"elementor-icon-list-text\"><a href=\"https:\/\/wa.me\/+5551997186514?text=Ol\u00e1, tudo bem?   \"><span style=\"color: rgb(163, 163, 163); font-family: Lato, sans-serif; font-size: 16px; font-style: normal; font-variant-ligatures: normal; font-variant-caps: normal; font-weight: 400; white-space: normal;\">(51) 997186514<span style=\"color: var( --e-global-color-secondary ); font-size: 16px; white-space: pre-wrap;\"><\/span><\/span><\/a><\/span>\n\t\t\t\t\t\t\t\t\t<\/li>\n\t\t\t\t\t\t<\/ul>\n\t\t\t\t<\/div>\n\t\t\t\t<\/div>\n\t\t\t\t\t<\/div>\n\t\t<\/div>\n\t\t\t\t<div class=\"elementor-column elementor-col-50 elementor-top-column elementor-element elementor-element-3602a83\" data-id=\"3602a83\" data-element_type=\"column\">\n\t\t\t<div class=\"elementor-widget-wrap elementor-element-populated\">\n\t\t\t\t\t\t\t\t<div class=\"elementor-element elementor-element-2f1e5aa elementor-widget elementor-widget-image\" data-id=\"2f1e5aa\" data-element_type=\"widget\" data-widget_type=\"image.default\">\n\t\t\t\t<div class=\"elementor-widget-container\">\n\t\t\t\t\t\t\t\t\t\t\t\t\t\t\t<img width=\"469\" height=\"344\" src=\"http:\/\/kekadvogados.com.br\/wp-content\/uploads\/2021\/08\/kek-eduardo-01-1.jpg\" class=\"attachment-large size-large\" alt=\"\" loading=\"lazy\" srcset=\"http:\/\/kekadvogados.com.br\/wp-content\/uploads\/2021\/08\/kek-eduardo-01-1.jpg 469w, http:\/\/kekadvogados.com.br\/wp-content\/uploads\/2021\/08\/kek-eduardo-01-1-300x220.jpg 300w\" sizes=\"(max-width: 469px) 100vw, 469px\" \/>\t\t\t\t\t\t\t\t\t\t\t\t\t\t\t<\/div>\n\t\t\t\t<\/div>\n\t\t\t\t<div class=\"elementor-element elementor-element-7a1988c elementor-widget elementor-widget-heading\" data-id=\"7a1988c\" data-element_type=\"widget\" data-widget_type=\"heading.default\">\n\t\t\t\t<div class=\"elementor-widget-container\">\n\t\t\t<h3 class=\"elementor-heading-title elementor-size-large\">eduardo alves konrath<\/h3>\t\t<\/div>\n\t\t\t\t<\/div>\n\t\t\t\t<div class=\"elementor-element elementor-element-34dbf6c elementor-widget elementor-widget-text-editor\" data-id=\"34dbf6c\" data-element_type=\"widget\" data-widget_type=\"text-editor.default\">\n\t\t\t\t<div class=\"elementor-widget-container\">\n\t\t\t\t\t\t\t<p>OAB\/RS 76.505<\/p>\t\t\t\t\t\t<\/div>\n\t\t\t\t<\/div>\n\t\t\t\t<div class=\"elementor-element elementor-element-cc3dbb8 elementor-widget elementor-widget-text-editor\" data-id=\"cc3dbb8\" data-element_type=\"widget\" data-widget_type=\"text-editor.default\">\n\t\t\t\t<div class=\"elementor-widget-container\">\n\t\t\t\t\t\t\t<p>Graduado em Ci\u00eancias Jur\u00eddicas e Sociais pela Universidade do Vale do Rio dos Sinos &#8211; UNISINOS, Especialista em Direito Previdenci\u00e1rio pela Universidade Anhanguera &#8211; Uniderp, Especialista em Direito do Trabalho pela Universidade do Vale do Rio dos Sinos &#8211; UNISINOS.<\/p><p>Experi\u00eancia Profissional: est\u00e1gio profissional na Procuradoria do Instituto Nacional do Seguro (INSS); est\u00e1gio profissional em Escrit\u00f3rio de Advocacia atuante em Assessoria Empresarial, em especial em demandas de Direito Tribut\u00e1rio e Societ\u00e1rio; e atua\u00e7\u00e3o como advogado em escrit\u00f3rio atuante na \u00e1rea previdenci\u00e1ria, demandas trabalhistas e c\u00edveis.\u00a0 \u00a0<br \/><br \/><br \/><\/p><p><br \/><br \/><br \/><\/p>\t\t\t\t\t\t<\/div>\n\t\t\t\t<\/div>\n\t\t\t\t<div class=\"elementor-element elementor-element-d196453 elementor-icon-list--layout-traditional elementor-list-item-link-full_width elementor-widget elementor-widget-icon-list\" data-id=\"d196453\" data-element_type=\"widget\" data-widget_type=\"icon-list.default\">\n\t\t\t\t<div class=\"elementor-widget-container\">\n\t\t\t\t\t<ul class=\"elementor-icon-list-items\">\n\t\t\t\t\t\t\t<li class=\"elementor-icon-list-item\">\n\t\t\t\t\t\t\t\t\t\t\t<span class=\"elementor-icon-list-icon\">\n\t\t\t\t\t\t\t<i aria-hidden=\"true\" class=\"fas fa-mail-bulk\"><\/i>\t\t\t\t\t\t<\/span>\n\t\t\t\t\t\t\t\t\t\t<span class=\"elementor-icon-list-text\"><a href=\"mailto:eduardo@kekadvogados.com.br\"><span style=\"color: rgb(163, 163, 163); font-family: Lato, sans-serif; font-size: 16px; font-style: normal; font-variant-ligatures: normal; font-variant-caps: normal; font-weight: 400; white-space: normal;\">eduardo@kekadvogados.com.br<\/span><\/a><\/span>\n\t\t\t\t\t\t\t\t\t<\/li>\n\t\t\t\t\t\t\t\t<li class=\"elementor-icon-list-item\">\n\t\t\t\t\t\t\t\t\t\t\t<span class=\"elementor-icon-list-icon\">\n\t\t\t\t\t\t\t<i aria-hidden=\"true\" class=\"fab fa-whatsapp\"><\/i>\t\t\t\t\t\t<\/span>\n\t\t\t\t\t\t\t\t\t\t<span class=\"elementor-icon-list-text\"><a href=\"https:\/\/wa.me\/+5551982860981?text=Ol\u00e1, tudo bem?   \"><span style=\"color: rgb(163, 163, 163); font-family: Lato, sans-serif; font-size: 16px; font-style: normal; font-variant-ligatures: normal; font-variant-caps: normal; font-weight: 400; white-space: normal;\">(51) 982860981<span style=\"color: var( --e-global-color-secondary ); font-family: var( --e-global-typography-text-font-family ), Sans-serif; font-size: 16px; font-weight: var( --e-global-typography-text-font-weight ); white-space: pre-wrap;\"><\/span><\/span><\/a><\/span>\n\t\t\t\t\t\t\t\t\t<\/li>\n\t\t\t\t\t\t<\/ul>\n\t\t\t\t<\/div>\n\t\t\t\t<\/div>\n\t\t\t\t\t<\/div>\n\t\t<\/div>\n\t\t\t\t\t\t\t<\/div>\n\t\t<\/section>\n\t\t\t\t<section class=\"elementor-section elementor-top-section elementor-element elementor-element-6dab61c elementor-section-boxed elementor-section-height-default elementor-section-height-default\" data-id=\"6dab61c\" data-element_type=\"section\">\n\t\t\t\t\t\t<div class=\"elementor-container elementor-column-gap-default\">\n\t\t\t\t\t<div class=\"elementor-column elementor-col-100 elementor-top-column elementor-element elementor-element-f6043b3\" data-id=\"f6043b3\" data-element_type=\"column\">\n\t\t\t<div class=\"elementor-widget-wrap elementor-element-populated\">\n\t\t\t\t\t\t\t\t<div class=\"elementor-element elementor-element-5e3cfaf elementor-widget-divider--view-line elementor-widget elementor-widget-divider\" data-id=\"5e3cfaf\" data-element_type=\"widget\" data-widget_type=\"divider.default\">\n\t\t\t\t<div class=\"elementor-widget-container\">\n\t\t\t\t\t<div class=\"elementor-divider\">\n\t\t\t<span class=\"elementor-divider-separator\">\n\t\t\t\t\t\t<\/span>\n\t\t<\/div>\n\t\t\t\t<\/div>\n\t\t\t\t<\/div>\n\t\t\t\t\t<\/div>\n\t\t<\/div>\n\t\t\t\t\t\t\t<\/div>\n\t\t<\/section>\n\t\t\t\t\t\t<\/div>\n\t\t\t\t\t<\/div>\n\t\t","protected":false},"excerpt":{"rendered":"<p>ROBERTO AUGUSTO KLIPPEL OAB\/RS 76.497 Graduado em Ci\u00eancias Jur\u00eddicas e Sociais pela Universidade Feevale\/RS. Atuou como monitor no Curso de Direito da Universidade Feevale\/RS nas mat\u00e9rias de Direito do Trabalho e Direito da Seguridade Social, bem como participou e ainda<\/p>\n","protected":false},"author":1,"featured_media":0,"parent":0,"menu_order":0,"comment_status":"closed","ping_status":"closed","template":"","meta":{"om_disable_all_campaigns":false,"_monsterinsights_skip_tracking":false,"_monsterinsights_sitenote_active":false,"_monsterinsights_sitenote_note":"","_monsterinsights_sitenote_category":0},"_links":{"self":[{"href":"http:\/\/kekadvogados.com.br\/index.php?rest_route=\/wp\/v2\/pages\/288"}],"collection":[{"href":"http:\/\/kekadvogados.com.br\/index.php?rest_route=\/wp\/v2\/pages"}],"about":[{"href":"http:\/\/kekadvogados.com.br\/index.php?rest_route=\/wp\/v2\/types\/page"}],"author":[{"embeddable":true,"href":"http:\/\/kekadvogados.com.br\/index.php?rest_route=\/wp\/v2\/users\/1"}],"replies":[{"embeddable":true,"href":"http:\/\/kekadvogados.com.br\/index.php?rest_route=%2Fwp%2Fv2%2Fcomments&post=288"}],"version-history":[{"count":4,"href":"http:\/\/kekadvogados.com.br\/index.php?rest_route=\/wp\/v2\/pages\/288\/revisions"}],"predecessor-version":[{"id":476,"href":"http:\/\/kekadvogados.com.br\/index.php?rest_route=\/wp\/v2\/pages\/288\/revisions\/476"}],"wp:attachment":[{"href":"http:\/\/kekadvogados.com.br\/index.php?rest_route=%2Fwp%2Fv2%2Fmedia&parent=288"}],"curies":[{"name":"wp","href":"https:\/\/api.w.org\/{rel}","templated":true}]}}